{"id":2243,"date":"2020-02-24T22:46:05","date_gmt":"2020-02-24T22:46:05","guid":{"rendered":"https:\/\/demo.gloriathemes.com\/noxe\/demo\/?page_id=2243"},"modified":"2020-02-24T22:46:05","modified_gmt":"2020-02-24T22:46:05","slug":"team","status":"publish","type":"page","link":"https:\/\/alv-studio.com\/en\/team\/","title":{"rendered":"Team"},"content":{"rendered":"<div class=\"wpb-content-wrapper\"><p>[vc_row css=\u201d.vc_custom_1582586633277{margin-bottom: 0px !important;}\u201d][vc_column]<div class=\"gt-team gt-style-3 gt-light gt-align-center\"><div class=\"gt-grid gt-grid-3 gt-spacing-20\"><div class=\"gt-grid-col\"><div class=\"gt-item\"><div class=\"gt-item-inner\"><div class=\"gt-photo\"><\/div><div class=\"gt-details\"><p>Aliquam lorem ante, dapibus in, viverra quis, feugiat a, tellus elit. Phasellus rhoncus nulla ut metus.<\/p>\n<div class=\"gt-social-links gt-style-1 gt-dark gt-size-s\"><ul><li><a href=\"https:\/\/www.facebook.com\/gloriathemes\" target=\"_blank\" class=\"gt-facebook\"><i class=\"fa-brands fa-facebook-f\"><\/i><\/a><\/li><li><a href=\"https:\/\/www.instagram.com\/gloriathemes\/\" target=\"_blank\" class=\"gt-instagram\"><i class=\"fa-brands fa-instagram\"><\/i><\/a><\/li><li><a href=\"https:\/\/twitter.com\/gloriathemes\" target=\"_blank\" class=\"gt-twitter\"><i class=\"fa-brands fa-twitter\"><\/i><\/a><\/li><li><a href=\"https:\/\/www.imdb.com\/\" target=\"_blank\" class=\"gt-imdb\"><i class=\"fa-brands fa-imdb\"><\/i><\/a><\/li><\/ul><\/div><\/div><\/div><div class=\"gt-title\">Adam Hansen<\/div><div class=\"gt-job\">Founder<\/div><\/div><\/div><div class=\"gt-grid-col\"><div class=\"gt-item\"><div class=\"gt-item-inner\"><div class=\"gt-photo\"><\/div><div class=\"gt-details\"><p>Aliquam lorem ante, dapibus in, viverra quis, feugiat a, tellus elit. Phasellus rhoncus nulla ut metus.<\/p>\n<div class=\"gt-social-links gt-style-1 gt-dark gt-size-s\"><ul><li><a href=\"https:\/\/www.facebook.com\/gloriathemes\" target=\"_blank\" class=\"gt-facebook\"><i class=\"fa-brands fa-facebook-f\"><\/i><\/a><\/li><li><a href=\"https:\/\/www.instagram.com\/gloriathemes\/\" target=\"_blank\" class=\"gt-instagram\"><i class=\"fa-brands fa-instagram\"><\/i><\/a><\/li><li><a href=\"https:\/\/twitter.com\/gloriathemes\" target=\"_blank\" class=\"gt-twitter\"><i class=\"fa-brands fa-twitter\"><\/i><\/a><\/li><li><a href=\"https:\/\/www.imdb.com\/\" target=\"_blank\" class=\"gt-imdb\"><i class=\"fa-brands fa-imdb\"><\/i><\/a><\/li><\/ul><\/div><\/div><\/div><div class=\"gt-title\">Elisa Velasques<\/div><div class=\"gt-job\">Editor<\/div><\/div><\/div><div class=\"gt-grid-col\"><div class=\"gt-item\"><div class=\"gt-item-inner\"><div class=\"gt-photo\"><\/div><div class=\"gt-details\"><p>Aliquam lorem ante, dapibus in, viverra quis, feugiat a, tellus elit. Phasellus rhoncus nulla ut metus.<\/p>\n<div class=\"gt-social-links gt-style-1 gt-dark gt-size-s\"><ul><li><a href=\"https:\/\/www.facebook.com\/gloriathemes\" target=\"_blank\" class=\"gt-facebook\"><i class=\"fa-brands fa-facebook-f\"><\/i><\/a><\/li><li><a href=\"https:\/\/www.instagram.com\/gloriathemes\/\" target=\"_blank\" class=\"gt-instagram\"><i class=\"fa-brands fa-instagram\"><\/i><\/a><\/li><li><a href=\"https:\/\/twitter.com\/gloriathemes\" target=\"_blank\" class=\"gt-twitter\"><i class=\"fa-brands fa-twitter\"><\/i><\/a><\/li><li><a href=\"https:\/\/www.imdb.com\/\" target=\"_blank\" class=\"gt-imdb\"><i class=\"fa-brands fa-imdb\"><\/i><\/a><\/li><\/ul><\/div><\/div><\/div><div class=\"gt-title\">Kevin James<\/div><div class=\"gt-job\">Editor<\/div><\/div><\/div><div class=\"gt-grid-col\"><div class=\"gt-item\"><div class=\"gt-item-inner\"><div class=\"gt-photo\"><\/div><div class=\"gt-details\"><p>Aliquam lorem ante, dapibus in, viverra quis, feugiat a, tellus elit. Phasellus rhoncus nulla ut metus.<\/p>\n<div class=\"gt-social-links gt-style-1 gt-dark gt-size-s\"><ul><li><a href=\"https:\/\/www.facebook.com\/gloriathemes\" target=\"_blank\" class=\"gt-facebook\"><i class=\"fa-brands fa-facebook-f\"><\/i><\/a><\/li><li><a href=\"https:\/\/www.instagram.com\/gloriathemes\/\" target=\"_blank\" class=\"gt-instagram\"><i class=\"fa-brands fa-instagram\"><\/i><\/a><\/li><li><a href=\"https:\/\/twitter.com\/gloriathemes\" target=\"_blank\" class=\"gt-twitter\"><i class=\"fa-brands fa-twitter\"><\/i><\/a><\/li><li><a href=\"https:\/\/www.imdb.com\/\" target=\"_blank\" class=\"gt-imdb\"><i class=\"fa-brands fa-imdb\"><\/i><\/a><\/li><\/ul><\/div><\/div><\/div><div class=\"gt-title\">James Calvin<\/div><div class=\"gt-job\">Developer<\/div><\/div><\/div><div class=\"gt-grid-col\"><div class=\"gt-item\"><div class=\"gt-item-inner\"><div class=\"gt-photo\"><\/div><div class=\"gt-details\"><p>Aliquam lorem ante, dapibus in, viverra quis, feugiat a, tellus elit. Phasellus rhoncus nulla ut metus.<\/p>\n<div class=\"gt-social-links gt-style-1 gt-dark gt-size-s\"><ul><li><a href=\"https:\/\/www.facebook.com\/gloriathemes\" target=\"_blank\" class=\"gt-facebook\"><i class=\"fa-brands fa-facebook-f\"><\/i><\/a><\/li><li><a href=\"https:\/\/www.instagram.com\/gloriathemes\/\" target=\"_blank\" class=\"gt-instagram\"><i class=\"fa-brands fa-instagram\"><\/i><\/a><\/li><li><a href=\"https:\/\/twitter.com\/gloriathemes\" target=\"_blank\" class=\"gt-twitter\"><i class=\"fa-brands fa-twitter\"><\/i><\/a><\/li><li><a href=\"https:\/\/www.imdb.com\/\" target=\"_blank\" class=\"gt-imdb\"><i class=\"fa-brands fa-imdb\"><\/i><\/a><\/li><\/ul><\/div><\/div><\/div><div class=\"gt-title\">Barbara J. Collins<\/div><div class=\"gt-job\">Producer<\/div><\/div><\/div><div class=\"gt-grid-col\"><div class=\"gt-item\"><div class=\"gt-item-inner\"><div class=\"gt-photo\"><\/div><div class=\"gt-details\"><p>Aliquam lorem ante, dapibus in, viverra quis, feugiat a, tellus elit. Phasellus rhoncus nulla ut metus.<\/p>\n<div class=\"gt-social-links gt-style-1 gt-dark gt-size-s\"><ul><li><a href=\"https:\/\/www.facebook.com\/gloriathemes\" target=\"_blank\" class=\"gt-facebook\"><i class=\"fa-brands fa-facebook-f\"><\/i><\/a><\/li><li><a href=\"https:\/\/www.instagram.com\/gloriathemes\/\" target=\"_blank\" class=\"gt-instagram\"><i class=\"fa-brands fa-instagram\"><\/i><\/a><\/li><li><a href=\"https:\/\/twitter.com\/gloriathemes\" target=\"_blank\" class=\"gt-twitter\"><i class=\"fa-brands fa-twitter\"><\/i><\/a><\/li><li><a href=\"https:\/\/www.imdb.com\/\" target=\"_blank\" class=\"gt-imdb\"><i class=\"fa-brands fa-imdb\"><\/i><\/a><\/li><\/ul><\/div><\/div><\/div><div class=\"gt-title\">Bernard Williams<\/div><div class=\"gt-job\">Director<\/div><\/div><\/div><div class=\"gt-grid-col\"><div class=\"gt-item\"><div class=\"gt-item-inner\"><div class=\"gt-photo\"><\/div><div class=\"gt-details\"><p>Aliquam lorem ante, dapibus in, viverra quis, feugiat a, tellus elit. Phasellus rhoncus nulla ut metus.<\/p>\n<div class=\"gt-social-links gt-style-1 gt-dark gt-size-s\"><ul><li><a href=\"https:\/\/www.facebook.com\/gloriathemes\" target=\"_blank\" class=\"gt-facebook\"><i class=\"fa-brands fa-facebook-f\"><\/i><\/a><\/li><li><a href=\"https:\/\/www.instagram.com\/gloriathemes\/\" target=\"_blank\" class=\"gt-instagram\"><i class=\"fa-brands fa-instagram\"><\/i><\/a><\/li><li><a href=\"https:\/\/twitter.com\/gloriathemes\" target=\"_blank\" class=\"gt-twitter\"><i class=\"fa-brands fa-twitter\"><\/i><\/a><\/li><li><a href=\"https:\/\/www.imdb.com\/\" target=\"_blank\" class=\"gt-imdb\"><i class=\"fa-brands fa-imdb\"><\/i><\/a><\/li><\/ul><\/div><\/div><\/div><div class=\"gt-title\">Rosa Fincher<\/div><div class=\"gt-job\">Movie Editor<\/div><\/div><\/div><div class=\"gt-grid-col\"><div class=\"gt-item\"><div class=\"gt-item-inner\"><div class=\"gt-photo\"><\/div><div class=\"gt-details\"><p>Aliquam lorem ante, dapibus in, viverra quis, feugiat a, tellus elit. Phasellus rhoncus nulla ut metus.<\/p>\n<div class=\"gt-social-links gt-style-1 gt-dark gt-size-s\"><ul><li><a href=\"https:\/\/www.facebook.com\/gloriathemes\" target=\"_blank\" class=\"gt-facebook\"><i class=\"fa-brands fa-facebook-f\"><\/i><\/a><\/li><li><a href=\"https:\/\/www.instagram.com\/gloriathemes\/\" target=\"_blank\" class=\"gt-instagram\"><i class=\"fa-brands fa-instagram\"><\/i><\/a><\/li><li><a href=\"https:\/\/twitter.com\/gloriathemes\" target=\"_blank\" class=\"gt-twitter\"><i class=\"fa-brands fa-twitter\"><\/i><\/a><\/li><li><a href=\"https:\/\/www.imdb.com\/\" target=\"_blank\" class=\"gt-imdb\"><i class=\"fa-brands fa-imdb\"><\/i><\/a><\/li><\/ul><\/div><\/div><\/div><div class=\"gt-title\">Alan E. Phillips<\/div><div class=\"gt-job\">Developer<\/div><\/div><\/div><div class=\"gt-grid-col\"><div class=\"gt-item\"><div class=\"gt-item-inner\"><div class=\"gt-photo\"><\/div><div class=\"gt-details\"><p>Aliquam lorem ante, dapibus in, viverra quis, feugiat a, tellus elit. Phasellus rhoncus nulla ut metus.<\/p>\n<div class=\"gt-social-links gt-style-1 gt-dark gt-size-s\"><ul><li><a href=\"https:\/\/www.facebook.com\/gloriathemes\" target=\"_blank\" class=\"gt-facebook\"><i class=\"fa-brands fa-facebook-f\"><\/i><\/a><\/li><li><a href=\"https:\/\/www.instagram.com\/gloriathemes\/\" target=\"_blank\" class=\"gt-instagram\"><i class=\"fa-brands fa-instagram\"><\/i><\/a><\/li><li><a href=\"https:\/\/twitter.com\/gloriathemes\" target=\"_blank\" class=\"gt-twitter\"><i class=\"fa-brands fa-twitter\"><\/i><\/a><\/li><li><a href=\"https:\/\/www.imdb.com\/\" target=\"_blank\" class=\"gt-imdb\"><i class=\"fa-brands fa-imdb\"><\/i><\/a><\/li><\/ul><\/div><\/div><\/div><div class=\"gt-title\">Bur\u00e7ak G\u00f6kb\u00f6r\u00fc<\/div><div class=\"gt-job\">Developer<\/div><\/div><\/div><\/div><\/div>[\/vc_column][\/vc_row]<\/p>\n<\/div>","protected":false},"excerpt":{"rendered":"<p>[vc_row css=\u201d.vc_custom_1582586633277{margin-bottom: 0px !important;}\u201d][vc_column][\/vc_column][\/vc_row]<\/p>\n","protected":false},"author":1,"featured_media":0,"parent":0,"menu_order":0,"comment_status":"closed","ping_status":"closed","template":"","meta":{"footnotes":""},"class_list":["post-2243","page","type-page","status-publish","hentry"],"yoast_head":"<!-- This site is optimized with the Yoast SEO plugin v27.5 - https:\/\/yoast.com\/product\/yoast-seo-wordpress\/ -->\n<title>Team - ALV Studio EN<\/title>\n<meta name=\"robots\" content=\"index, follow, max-snippet:-1, max-image-preview:large, max-video-preview:-1\" \/>\n<link rel=\"canonical\" href=\"https:\/\/alv-studio.com\/en\/team\/\" \/>\n<meta property=\"og:locale\" content=\"pl_PL\" \/>\n<meta property=\"og:type\" content=\"article\" \/>\n<meta property=\"og:title\" content=\"Team - ALV Studio EN\" \/>\n<meta property=\"og:description\" content=\"[vc_row css=\u201d.vc_custom_1582586633277{margin-bottom: 0px !important;}\u201d][vc_column][\/vc_column][\/vc_row]\" \/>\n<meta property=\"og:url\" content=\"https:\/\/alv-studio.com\/en\/team\/\" \/>\n<meta property=\"og:site_name\" content=\"ALV Studio EN\" \/>\n<meta name=\"twitter:card\" content=\"summary_large_image\" \/>\n<meta name=\"twitter:label1\" content=\"Szacowany czas czytania\" \/>\n\t<meta name=\"twitter:data1\" content=\"7 minut\" \/>\n<script type=\"application\/ld+json\" class=\"yoast-schema-graph\">{\"@context\":\"https:\\\/\\\/schema.org\",\"@graph\":[{\"@type\":\"WebPage\",\"@id\":\"https:\\\/\\\/alv-studio.com\\\/en\\\/team\\\/\",\"url\":\"https:\\\/\\\/alv-studio.com\\\/en\\\/team\\\/\",\"name\":\"Team - ALV Studio EN\",\"isPartOf\":{\"@id\":\"https:\\\/\\\/alv-studio.com\\\/en\\\/#website\"},\"datePublished\":\"2020-02-24T22:46:05+00:00\",\"inLanguage\":\"pl-PL\",\"potentialAction\":[{\"@type\":\"ReadAction\",\"target\":[\"https:\\\/\\\/alv-studio.com\\\/en\\\/team\\\/\"]}]},{\"@type\":\"WebSite\",\"@id\":\"https:\\\/\\\/alv-studio.com\\\/en\\\/#website\",\"url\":\"https:\\\/\\\/alv-studio.com\\\/en\\\/\",\"name\":\"ALV Studio EN\",\"description\":\"Produkcja filmowa | Fotografia\",\"potentialAction\":[{\"@type\":\"SearchAction\",\"target\":{\"@type\":\"EntryPoint\",\"urlTemplate\":\"https:\\\/\\\/alv-studio.com\\\/en\\\/?s={search_term_string}\"},\"query-input\":{\"@type\":\"PropertyValueSpecification\",\"valueRequired\":true,\"valueName\":\"search_term_string\"}}],\"inLanguage\":\"pl-PL\"}]}<\/script>\n<!-- \/ Yoast SEO plugin. -->","yoast_head_json":{"title":"Team - ALV Studio EN","robots":{"index":"index","follow":"follow","max-snippet":"max-snippet:-1","max-image-preview":"max-image-preview:large","max-video-preview":"max-video-preview:-1"},"canonical":"https:\/\/alv-studio.com\/en\/team\/","og_locale":"pl_PL","og_type":"article","og_title":"Team - ALV Studio EN","og_description":"[vc_row css=\u201d.vc_custom_1582586633277{margin-bottom: 0px !important;}\u201d][vc_column][\/vc_column][\/vc_row]","og_url":"https:\/\/alv-studio.com\/en\/team\/","og_site_name":"ALV Studio EN","twitter_card":"summary_large_image","twitter_misc":{"Szacowany czas czytania":"7 minut"},"schema":{"@context":"https:\/\/schema.org","@graph":[{"@type":"WebPage","@id":"https:\/\/alv-studio.com\/en\/team\/","url":"https:\/\/alv-studio.com\/en\/team\/","name":"Team - ALV Studio EN","isPartOf":{"@id":"https:\/\/alv-studio.com\/en\/#website"},"datePublished":"2020-02-24T22:46:05+00:00","inLanguage":"pl-PL","potentialAction":[{"@type":"ReadAction","target":["https:\/\/alv-studio.com\/en\/team\/"]}]},{"@type":"WebSite","@id":"https:\/\/alv-studio.com\/en\/#website","url":"https:\/\/alv-studio.com\/en\/","name":"ALV Studio EN","description":"Produkcja filmowa | Fotografia","potentialAction":[{"@type":"SearchAction","target":{"@type":"EntryPoint","urlTemplate":"https:\/\/alv-studio.com\/en\/?s={search_term_string}"},"query-input":{"@type":"PropertyValueSpecification","valueRequired":true,"valueName":"search_term_string"}}],"inLanguage":"pl-PL"}]}},"_links":{"self":[{"href":"https:\/\/alv-studio.com\/en\/wp-json\/wp\/v2\/pages\/2243","targetHints":{"allow":["GET"]}}],"collection":[{"href":"https:\/\/alv-studio.com\/en\/wp-json\/wp\/v2\/pages"}],"about":[{"href":"https:\/\/alv-studio.com\/en\/wp-json\/wp\/v2\/types\/page"}],"author":[{"embeddable":true,"href":"https:\/\/alv-studio.com\/en\/wp-json\/wp\/v2\/users\/1"}],"replies":[{"embeddable":true,"href":"https:\/\/alv-studio.com\/en\/wp-json\/wp\/v2\/comments?post=2243"}],"version-history":[{"count":0,"href":"https:\/\/alv-studio.com\/en\/wp-json\/wp\/v2\/pages\/2243\/revisions"}],"wp:attachment":[{"href":"https:\/\/alv-studio.com\/en\/wp-json\/wp\/v2\/media?parent=2243"}],"curies":[{"name":"wp","href":"https:\/\/api.w.org\/{rel}","templated":true}]}}