{"id":3952,"date":"2022-10-24T11:13:09","date_gmt":"2022-10-24T11:13:09","guid":{"rendered":"https:\/\/alv-studio.com\/en\/?page_id=3952"},"modified":"2022-10-24T16:17:38","modified_gmt":"2022-10-24T16:17:38","slug":"uslugi","status":"publish","type":"page","link":"https:\/\/alv-studio.com\/en\/uslugi\/","title":{"rendered":"Us\u0142ugi"},"content":{"rendered":"<div class=\"wpb-content-wrapper\"><p>[vc_row][vc_column]<div class=\"gt-info-boxes gt-style-1 gt-dark gt-align-left\"><div class=\"gt-grid gt-grid-2 gt-spacing-40\"><div class=\"gt-grid-col\"><div class=\"gt-item\"><div class=\"gt-item-inner\"><div class=\"gt-front\"><img loading=\"lazy\" decoding=\"async\" width=\"1920\" height=\"1080\" src=\"https:\/\/alv-studio.com\/en\/wp-content\/uploads\/sites\/2\/2022\/10\/alv-films.jpg\" class=\"attachment-full size-full\" alt=\"\" srcset=\"https:\/\/alv-studio.com\/en\/wp-content\/uploads\/sites\/2\/2022\/10\/alv-films.jpg 1920w, https:\/\/alv-studio.com\/en\/wp-content\/uploads\/sites\/2\/2022\/10\/alv-films-300x169.jpg 300w, https:\/\/alv-studio.com\/en\/wp-content\/uploads\/sites\/2\/2022\/10\/alv-films-1024x576.jpg 1024w, https:\/\/alv-studio.com\/en\/wp-content\/uploads\/sites\/2\/2022\/10\/alv-films-768x432.jpg 768w, https:\/\/alv-studio.com\/en\/wp-content\/uploads\/sites\/2\/2022\/10\/alv-films-1536x864.jpg 1536w, https:\/\/alv-studio.com\/en\/wp-content\/uploads\/sites\/2\/2022\/10\/alv-films-600x338.jpg 600w\" sizes=\"auto, (max-width: 1920px) 100vw, 1920px\" \/><div class=\"gt-content\"><div class=\"gt-title\">Produkcja Filmowa<\/div><\/div><\/div><div class=\"gt-back\"><div class=\"gt-content\"><div class=\"gt-inner\"><div class=\"gt-title\">Produkcja Filmowa<\/div><p>Oferujemy wykonanie profesjonalnej produkcji b\u0119d\u0105cej niezwykle efektown\u0105 form\u0105 promocji firmy czy te\u017c wizualizacji tre\u015bci utworu muzycznego.<\/p>\n<\/div><div class=\"gt-inner\"><div class=\"gt-link\"><a href=\"https:\/\/alv-studio.com\/en\/produkcja-filmowa\/\" target=\"_parent\">Wejd\u017a<\/a><\/div><\/div><\/div><\/div><\/div><\/div><\/div><div class=\"gt-grid-col\"><div class=\"gt-item\"><div class=\"gt-item-inner\"><div class=\"gt-front\"><img loading=\"lazy\" decoding=\"async\" width=\"1920\" height=\"1080\" src=\"https:\/\/alv-studio.com\/en\/wp-content\/uploads\/sites\/2\/2022\/10\/alvfotografia.jpg\" class=\"attachment-full size-full\" alt=\"\" srcset=\"https:\/\/alv-studio.com\/en\/wp-content\/uploads\/sites\/2\/2022\/10\/alvfotografia.jpg 1920w, https:\/\/alv-studio.com\/en\/wp-content\/uploads\/sites\/2\/2022\/10\/alvfotografia-300x169.jpg 300w, https:\/\/alv-studio.com\/en\/wp-content\/uploads\/sites\/2\/2022\/10\/alvfotografia-1024x576.jpg 1024w, https:\/\/alv-studio.com\/en\/wp-content\/uploads\/sites\/2\/2022\/10\/alvfotografia-768x432.jpg 768w, https:\/\/alv-studio.com\/en\/wp-content\/uploads\/sites\/2\/2022\/10\/alvfotografia-1536x864.jpg 1536w, https:\/\/alv-studio.com\/en\/wp-content\/uploads\/sites\/2\/2022\/10\/alvfotografia-600x338.jpg 600w\" sizes=\"auto, (max-width: 1920px) 100vw, 1920px\" \/><div class=\"gt-content\"><div class=\"gt-title\">Fotografia<\/div><\/div><\/div><div class=\"gt-back\"><div class=\"gt-content\"><div class=\"gt-inner\"><div class=\"gt-title\">Fotografia<\/div><p>Zapewniamy Pa\u0144stwu us\u0142ugi na bardzo wysokim poziomie zar\u00f3wno w fotografii komercyjnej jak i przy sesjach zdj\u0119ciowych na potrzeby prywatne.<\/p>\n<\/div><div class=\"gt-inner\"><div class=\"gt-link\"><a href=\"https:\/\/alv-studio.com\/en\/fotografia\/\" target=\"_parent\">Wejd\u017a<\/a><\/div><\/div><\/div><\/div><\/div><\/div><\/div><\/div><\/div>[\/vc_column][\/vc_row]<\/p>\n<\/div>","protected":false},"excerpt":{"rendered":"<p>[vc_row][vc_column][\/vc_column][\/vc_row]<\/p>\n","protected":false},"author":2,"featured_media":0,"parent":0,"menu_order":0,"comment_status":"closed","ping_status":"closed","template":"","meta":{"footnotes":""},"class_list":["post-3952","page","type-page","status-publish","hentry"],"yoast_head":"<!-- This site is optimized with the Yoast SEO plugin v27.4 - https:\/\/yoast.com\/product\/yoast-seo-wordpress\/ -->\n<title>Us\u0142ugi - ALV Studio EN<\/title>\n<meta name=\"robots\" content=\"index, follow, max-snippet:-1, max-image-preview:large, max-video-preview:-1\" \/>\n<link rel=\"canonical\" href=\"https:\/\/alv-studio.com\/en\/uslugi\/\" \/>\n<meta property=\"og:locale\" content=\"pl_PL\" \/>\n<meta property=\"og:type\" content=\"article\" \/>\n<meta property=\"og:title\" content=\"Us\u0142ugi - ALV Studio EN\" \/>\n<meta property=\"og:description\" content=\"[vc_row][vc_column][\/vc_column][\/vc_row]\" \/>\n<meta property=\"og:url\" content=\"https:\/\/alv-studio.com\/en\/uslugi\/\" \/>\n<meta property=\"og:site_name\" content=\"ALV Studio EN\" \/>\n<meta property=\"article:modified_time\" content=\"2022-10-24T16:17:38+00:00\" \/>\n<meta name=\"twitter:card\" content=\"summary_large_image\" \/>\n<meta name=\"twitter:label1\" content=\"Szacowany czas czytania\" \/>\n\t<meta name=\"twitter:data1\" content=\"1 minuta\" \/>\n<script type=\"application\/ld+json\" class=\"yoast-schema-graph\">{\"@context\":\"https:\\\/\\\/schema.org\",\"@graph\":[{\"@type\":\"WebPage\",\"@id\":\"https:\\\/\\\/alv-studio.com\\\/en\\\/uslugi\\\/\",\"url\":\"https:\\\/\\\/alv-studio.com\\\/en\\\/uslugi\\\/\",\"name\":\"Us\u0142ugi - ALV Studio EN\",\"isPartOf\":{\"@id\":\"https:\\\/\\\/alv-studio.com\\\/en\\\/#website\"},\"datePublished\":\"2022-10-24T11:13:09+00:00\",\"dateModified\":\"2022-10-24T16:17:38+00:00\",\"inLanguage\":\"pl-PL\",\"potentialAction\":[{\"@type\":\"ReadAction\",\"target\":[\"https:\\\/\\\/alv-studio.com\\\/en\\\/uslugi\\\/\"]}]},{\"@type\":\"WebSite\",\"@id\":\"https:\\\/\\\/alv-studio.com\\\/en\\\/#website\",\"url\":\"https:\\\/\\\/alv-studio.com\\\/en\\\/\",\"name\":\"ALV Studio EN\",\"description\":\"Produkcja filmowa | Fotografia\",\"potentialAction\":[{\"@type\":\"SearchAction\",\"target\":{\"@type\":\"EntryPoint\",\"urlTemplate\":\"https:\\\/\\\/alv-studio.com\\\/en\\\/?s={search_term_string}\"},\"query-input\":{\"@type\":\"PropertyValueSpecification\",\"valueRequired\":true,\"valueName\":\"search_term_string\"}}],\"inLanguage\":\"pl-PL\"}]}<\/script>\n<!-- \/ Yoast SEO plugin. -->","yoast_head_json":{"title":"Us\u0142ugi - ALV Studio EN","robots":{"index":"index","follow":"follow","max-snippet":"max-snippet:-1","max-image-preview":"max-image-preview:large","max-video-preview":"max-video-preview:-1"},"canonical":"https:\/\/alv-studio.com\/en\/uslugi\/","og_locale":"pl_PL","og_type":"article","og_title":"Us\u0142ugi - ALV Studio EN","og_description":"[vc_row][vc_column][\/vc_column][\/vc_row]","og_url":"https:\/\/alv-studio.com\/en\/uslugi\/","og_site_name":"ALV Studio EN","article_modified_time":"2022-10-24T16:17:38+00:00","twitter_card":"summary_large_image","twitter_misc":{"Szacowany czas czytania":"1 minuta"},"schema":{"@context":"https:\/\/schema.org","@graph":[{"@type":"WebPage","@id":"https:\/\/alv-studio.com\/en\/uslugi\/","url":"https:\/\/alv-studio.com\/en\/uslugi\/","name":"Us\u0142ugi - ALV Studio EN","isPartOf":{"@id":"https:\/\/alv-studio.com\/en\/#website"},"datePublished":"2022-10-24T11:13:09+00:00","dateModified":"2022-10-24T16:17:38+00:00","inLanguage":"pl-PL","potentialAction":[{"@type":"ReadAction","target":["https:\/\/alv-studio.com\/en\/uslugi\/"]}]},{"@type":"WebSite","@id":"https:\/\/alv-studio.com\/en\/#website","url":"https:\/\/alv-studio.com\/en\/","name":"ALV Studio EN","description":"Produkcja filmowa | Fotografia","potentialAction":[{"@type":"SearchAction","target":{"@type":"EntryPoint","urlTemplate":"https:\/\/alv-studio.com\/en\/?s={search_term_string}"},"query-input":{"@type":"PropertyValueSpecification","valueRequired":true,"valueName":"search_term_string"}}],"inLanguage":"pl-PL"}]}},"_links":{"self":[{"href":"https:\/\/alv-studio.com\/en\/wp-json\/wp\/v2\/pages\/3952","targetHints":{"allow":["GET"]}}],"collection":[{"href":"https:\/\/alv-studio.com\/en\/wp-json\/wp\/v2\/pages"}],"about":[{"href":"https:\/\/alv-studio.com\/en\/wp-json\/wp\/v2\/types\/page"}],"author":[{"embeddable":true,"href":"https:\/\/alv-studio.com\/en\/wp-json\/wp\/v2\/users\/2"}],"replies":[{"embeddable":true,"href":"https:\/\/alv-studio.com\/en\/wp-json\/wp\/v2\/comments?post=3952"}],"version-history":[{"count":6,"href":"https:\/\/alv-studio.com\/en\/wp-json\/wp\/v2\/pages\/3952\/revisions"}],"predecessor-version":[{"id":3999,"href":"https:\/\/alv-studio.com\/en\/wp-json\/wp\/v2\/pages\/3952\/revisions\/3999"}],"wp:attachment":[{"href":"https:\/\/alv-studio.com\/en\/wp-json\/wp\/v2\/media?parent=3952"}],"curies":[{"name":"wp","href":"https:\/\/api.w.org\/{rel}","templated":true}]}}