{"id":3962,"date":"2022-10-24T11:22:20","date_gmt":"2022-10-24T11:22:20","guid":{"rendered":"https:\/\/alv-studio.com\/en\/?page_id=3962"},"modified":"2023-01-25T17:00:00","modified_gmt":"2023-01-25T17:00:00","slug":"photography","status":"publish","type":"page","link":"https:\/\/alv-studio.com\/en\/photography\/","title":{"rendered":"Photography"},"content":{"rendered":"<div class=\"wpb-content-wrapper\"><p>[vc_row][vc_column]<div class=\"gt-info-boxes gt-style-2 gt-dark gt-align-center\"><div class=\"gt-grid gt-grid-2 gt-spacing-20\"><div class=\"gt-grid-col\"><div class=\"gt-item\"><div class=\"gt-item-inner\"><div class=\"gt-front\"><img loading=\"lazy\" decoding=\"async\" width=\"1000\" height=\"667\" src=\"https:\/\/alv-studio.com\/en\/wp-content\/uploads\/sites\/2\/2022\/10\/DSC08641.jpg\" class=\"attachment-full size-full\" alt=\"\" srcset=\"https:\/\/alv-studio.com\/en\/wp-content\/uploads\/sites\/2\/2022\/10\/DSC08641.jpg 1000w, https:\/\/alv-studio.com\/en\/wp-content\/uploads\/sites\/2\/2022\/10\/DSC08641-300x200.jpg 300w, https:\/\/alv-studio.com\/en\/wp-content\/uploads\/sites\/2\/2022\/10\/DSC08641-768x512.jpg 768w, https:\/\/alv-studio.com\/en\/wp-content\/uploads\/sites\/2\/2022\/10\/DSC08641-600x400.jpg 600w\" sizes=\"auto, (max-width: 1000px) 100vw, 1000px\" \/><div class=\"gt-content\"><div class=\"gt-subtitle\">Commercials | Packshots | Catalogs<\/div><div class=\"gt-title\">Commercial photography<\/div><\/div><\/div><div class=\"gt-back\"><div class=\"gt-content\"><div class=\"gt-inner\"><div class=\"gt-subtitle\">Commercials | Packshots | Catalogs<\/div><div class=\"gt-title\">Commercial photography<\/div><p>In order to promote your product, it is important to remember that the first thing that potential buyers look at are the photos. Conducting a professional photo shoot is therefore an essential element that will showcase your product in the best possible light.<\/p>\n<\/div><div class=\"gt-inner\"><div class=\"gt-link\"><a href=\"https:\/\/alv-studio.com\/en\/fotografia-komercyjna\/\" target=\"_parent\">Wejd\u017a<\/a><\/div><\/div><\/div><\/div><\/div><\/div><\/div><div class=\"gt-grid-col\"><div class=\"gt-item\"><div class=\"gt-item-inner\"><div class=\"gt-front\"><img loading=\"lazy\" decoding=\"async\" width=\"1024\" height=\"682\" src=\"https:\/\/alv-studio.com\/en\/wp-content\/uploads\/sites\/2\/2022\/10\/DSC07416-Edit-Edit-1024x682-1.jpg\" class=\"attachment-full size-full\" alt=\"\" srcset=\"https:\/\/alv-studio.com\/en\/wp-content\/uploads\/sites\/2\/2022\/10\/DSC07416-Edit-Edit-1024x682-1.jpg 1024w, https:\/\/alv-studio.com\/en\/wp-content\/uploads\/sites\/2\/2022\/10\/DSC07416-Edit-Edit-1024x682-1-300x200.jpg 300w, https:\/\/alv-studio.com\/en\/wp-content\/uploads\/sites\/2\/2022\/10\/DSC07416-Edit-Edit-1024x682-1-768x512.jpg 768w, https:\/\/alv-studio.com\/en\/wp-content\/uploads\/sites\/2\/2022\/10\/DSC07416-Edit-Edit-1024x682-1-600x400.jpg 600w\" sizes=\"auto, (max-width: 1024px) 100vw, 1024px\" \/><div class=\"gt-content\"><div class=\"gt-subtitle\">Portrety | Zdj\u0119cia biznesowe | W\u0142asne pomys\u0142y<\/div><div class=\"gt-title\">Sesje prywatne<\/div><\/div><\/div><div class=\"gt-back\"><div class=\"gt-content\"><div class=\"gt-inner\"><div class=\"gt-subtitle\">Portrety | Zdj\u0119cia biznesowe | W\u0142asne pomys\u0142y<\/div><div class=\"gt-title\">Sesje prywatne<\/div><p>Fotografia portretowa to jedna z najpopularniejszych kategorii w fotografii. Pozwala zatrzyma\u0107 czas oraz ukazuje nasz wizerunek. To tak\u017ce doskona\u0142y pomys\u0142 na prezent. Warto zadba\u0107 o dobr\u0105 prezencj\u0119, poniewa\u017c pierwsze wra\u017cenie jest tylko jedno.<\/p>\n<\/div><div class=\"gt-inner\"><div class=\"gt-link\"><a href=\"https:\/\/alv-studio.com\/en\/sesje-prywatne\/\" target=\"_parent\">Wejd\u017a<\/a><\/div><\/div><\/div><\/div><\/div><\/div><\/div><\/div><\/div>[\/vc_column][\/vc_row]<\/p>\n<\/div>","protected":false},"excerpt":{"rendered":"<p>[vc_row][vc_column][\/vc_column][\/vc_row]<\/p>\n","protected":false},"author":2,"featured_media":0,"parent":0,"menu_order":0,"comment_status":"closed","ping_status":"closed","template":"","meta":{"footnotes":""},"class_list":["post-3962","page","type-page","status-publish","hentry"],"yoast_head":"<!-- This site is optimized with the Yoast SEO plugin v27.4 - https:\/\/yoast.com\/product\/yoast-seo-wordpress\/ -->\n<title>Photography - ALV Studio EN<\/title>\n<meta name=\"robots\" content=\"index, follow, max-snippet:-1, max-image-preview:large, max-video-preview:-1\" \/>\n<link rel=\"canonical\" href=\"https:\/\/alv-studio.com\/en\/photography\/\" \/>\n<meta property=\"og:locale\" content=\"pl_PL\" \/>\n<meta property=\"og:type\" content=\"article\" \/>\n<meta property=\"og:title\" content=\"Photography - ALV Studio EN\" \/>\n<meta property=\"og:description\" content=\"[vc_row][vc_column][\/vc_column][\/vc_row]\" \/>\n<meta property=\"og:url\" content=\"https:\/\/alv-studio.com\/en\/photography\/\" \/>\n<meta property=\"og:site_name\" content=\"ALV Studio EN\" \/>\n<meta property=\"article:modified_time\" content=\"2023-01-25T17:00:00+00:00\" \/>\n<meta name=\"twitter:card\" content=\"summary_large_image\" \/>\n<meta name=\"twitter:label1\" content=\"Szacowany czas czytania\" \/>\n\t<meta name=\"twitter:data1\" content=\"1 minuta\" \/>\n<script type=\"application\/ld+json\" class=\"yoast-schema-graph\">{\"@context\":\"https:\\\/\\\/schema.org\",\"@graph\":[{\"@type\":\"WebPage\",\"@id\":\"https:\\\/\\\/alv-studio.com\\\/en\\\/photography\\\/\",\"url\":\"https:\\\/\\\/alv-studio.com\\\/en\\\/photography\\\/\",\"name\":\"Photography - ALV Studio EN\",\"isPartOf\":{\"@id\":\"https:\\\/\\\/alv-studio.com\\\/en\\\/#website\"},\"datePublished\":\"2022-10-24T11:22:20+00:00\",\"dateModified\":\"2023-01-25T17:00:00+00:00\",\"inLanguage\":\"pl-PL\",\"potentialAction\":[{\"@type\":\"ReadAction\",\"target\":[\"https:\\\/\\\/alv-studio.com\\\/en\\\/photography\\\/\"]}]},{\"@type\":\"WebSite\",\"@id\":\"https:\\\/\\\/alv-studio.com\\\/en\\\/#website\",\"url\":\"https:\\\/\\\/alv-studio.com\\\/en\\\/\",\"name\":\"ALV Studio EN\",\"description\":\"Produkcja filmowa | Fotografia\",\"potentialAction\":[{\"@type\":\"SearchAction\",\"target\":{\"@type\":\"EntryPoint\",\"urlTemplate\":\"https:\\\/\\\/alv-studio.com\\\/en\\\/?s={search_term_string}\"},\"query-input\":{\"@type\":\"PropertyValueSpecification\",\"valueRequired\":true,\"valueName\":\"search_term_string\"}}],\"inLanguage\":\"pl-PL\"}]}<\/script>\n<!-- \/ Yoast SEO plugin. -->","yoast_head_json":{"title":"Photography - ALV Studio EN","robots":{"index":"index","follow":"follow","max-snippet":"max-snippet:-1","max-image-preview":"max-image-preview:large","max-video-preview":"max-video-preview:-1"},"canonical":"https:\/\/alv-studio.com\/en\/photography\/","og_locale":"pl_PL","og_type":"article","og_title":"Photography - ALV Studio EN","og_description":"[vc_row][vc_column][\/vc_column][\/vc_row]","og_url":"https:\/\/alv-studio.com\/en\/photography\/","og_site_name":"ALV Studio EN","article_modified_time":"2023-01-25T17:00:00+00:00","twitter_card":"summary_large_image","twitter_misc":{"Szacowany czas czytania":"1 minuta"},"schema":{"@context":"https:\/\/schema.org","@graph":[{"@type":"WebPage","@id":"https:\/\/alv-studio.com\/en\/photography\/","url":"https:\/\/alv-studio.com\/en\/photography\/","name":"Photography - ALV Studio EN","isPartOf":{"@id":"https:\/\/alv-studio.com\/en\/#website"},"datePublished":"2022-10-24T11:22:20+00:00","dateModified":"2023-01-25T17:00:00+00:00","inLanguage":"pl-PL","potentialAction":[{"@type":"ReadAction","target":["https:\/\/alv-studio.com\/en\/photography\/"]}]},{"@type":"WebSite","@id":"https:\/\/alv-studio.com\/en\/#website","url":"https:\/\/alv-studio.com\/en\/","name":"ALV Studio EN","description":"Produkcja filmowa | Fotografia","potentialAction":[{"@type":"SearchAction","target":{"@type":"EntryPoint","urlTemplate":"https:\/\/alv-studio.com\/en\/?s={search_term_string}"},"query-input":{"@type":"PropertyValueSpecification","valueRequired":true,"valueName":"search_term_string"}}],"inLanguage":"pl-PL"}]}},"_links":{"self":[{"href":"https:\/\/alv-studio.com\/en\/wp-json\/wp\/v2\/pages\/3962","targetHints":{"allow":["GET"]}}],"collection":[{"href":"https:\/\/alv-studio.com\/en\/wp-json\/wp\/v2\/pages"}],"about":[{"href":"https:\/\/alv-studio.com\/en\/wp-json\/wp\/v2\/types\/page"}],"author":[{"embeddable":true,"href":"https:\/\/alv-studio.com\/en\/wp-json\/wp\/v2\/users\/2"}],"replies":[{"embeddable":true,"href":"https:\/\/alv-studio.com\/en\/wp-json\/wp\/v2\/comments?post=3962"}],"version-history":[{"count":26,"href":"https:\/\/alv-studio.com\/en\/wp-json\/wp\/v2\/pages\/3962\/revisions"}],"predecessor-version":[{"id":4111,"href":"https:\/\/alv-studio.com\/en\/wp-json\/wp\/v2\/pages\/3962\/revisions\/4111"}],"wp:attachment":[{"href":"https:\/\/alv-studio.com\/en\/wp-json\/wp\/v2\/media?parent=3962"}],"curies":[{"name":"wp","href":"https:\/\/api.w.org\/{rel}","templated":true}]}}